{"id":971,"date":"2024-09-19T02:47:24","date_gmt":"2024-09-19T02:47:24","guid":{"rendered":"https:\/\/areastecnologia.com.br\/wp\/?post_type=product&#038;p=971"},"modified":"2024-09-19T02:47:24","modified_gmt":"2024-09-19T02:47:24","slug":"livro-o-musico-maravilhoso-edicao-sonora-infantil-com-vinil-colecao-pais-e-filhos","status":"publish","type":"product","link":"https:\/\/areastecnologia.com.br\/wp\/produto\/livro-o-musico-maravilhoso-edicao-sonora-infantil-com-vinil-colecao-pais-e-filhos\/","title":{"rendered":"Livro O M\u00fasico Maravilhoso Edi\u00e7\u00e3o Sonora Infantil Com Vinil Cole\u00e7\u00e3o Pais E Filhos"},"content":{"rendered":"<p>TODOS OS NOSSOS PRODUTOS S\u00c3O USADOS E POR ISSO, MESMO QUE ESTEJAM EM BOAS CONDI\u00c7\u00d5ES, PODER\u00c3O APRESENTAR MARCAS DE TEMPO E USO, PODEM ESTAR SUJOS E AT\u00c9 MESMO TEREM DEFEITOS QUE N\u00c3O APARE\u00c7AM NAS FOTOS. PRODUTOS QUE EST\u00c3O SENDO VENDIDOS NO ESTADO PODER\u00c3O APRESENTAR QUALQUER TIPO DE FALHAS, PE\u00c7AS DEFEITUOSAS OU FALTANDO. PARA SABER O REAL ESTADO DO PRODUTO QUE DESEJA COMPRAR, LEIA TODA A DESCRI\u00c7\u00c3O E FA\u00c7A PERGUNTAS ANTES DA COMPRA!!!<\/p>\n<p>CALCULADORA DE FRETES NA PROPAGANDA, FAVOR CONSULTAR!!!<\/p>\n<p>A T E N \u00c7 \u00c3 O &#8212;&gt; N\u00e3o tenho como testar o vinil, por isso considere que poder\u00e1 n\u00e3o funcionar ou n\u00e3o funcionar perfeitamente. N\u00e3o trabalhamos com livros em estado de banca. Todos s\u00e3o usados e podem apresentar, marcas, amarelados, manchas, dobras, orelhas, dedicat\u00f3rias, rabiscos, anota\u00e7\u00f5es, marca\u00e7\u00f5es ou qualquer outra marca de tempo e uso. O produto \u00e9 usado, est\u00e1 como nas fotos e pode apresentar marcas de tempo e uso. Favor tirar todas as d\u00favidas e consultar a tabela de fretes no final da propaganda antes do lance. Cod.Prt001.<\/p>\n","protected":false},"excerpt":{"rendered":"<p>TODOS OS NOSSOS PRODUTOS S\u00c3O USADOS E POR ISSO, MESMO QUE ESTEJAM EM BOAS CONDI\u00c7\u00d5ES, PODER\u00c3O APRESENTAR MARCAS DE TEMPO E USO, PODEM ESTAR SUJOS E AT\u00c9 MESMO TEREM DEFEITOS QUE N\u00c3O APARE\u00c7AM NAS FOTOS. PRODUTOS QUE EST\u00c3O SENDO VENDIDOS NO ESTADO PODER\u00c3O APRESENTAR QUALQUER TIPO DE FALHAS, PE\u00c7AS DEFEITUOSAS OU FALTANDO. PARA SABER O [&hellip;]<\/p>\n","protected":false},"featured_media":972,"comment_status":"open","ping_status":"closed","template":"","meta":[],"product_brand":[],"product_cat":[38],"product_tag":[],"class_list":{"0":"post-971","1":"product","2":"type-product","3":"status-publish","4":"has-post-thumbnail","6":"product_cat-livros","8":"first","9":"instock","10":"taxable","11":"shipping-taxable","12":"purchasable","13":"product-type-simple"},"jetpack_sharing_enabled":true,"_links":{"self":[{"href":"https:\/\/areastecnologia.com.br\/wp\/wp-json\/wp\/v2\/product\/971","targetHints":{"allow":["GET"]}}],"collection":[{"href":"https:\/\/areastecnologia.com.br\/wp\/wp-json\/wp\/v2\/product"}],"about":[{"href":"https:\/\/areastecnologia.com.br\/wp\/wp-json\/wp\/v2\/types\/product"}],"replies":[{"embeddable":true,"href":"https:\/\/areastecnologia.com.br\/wp\/wp-json\/wp\/v2\/comments?post=971"}],"wp:featuredmedia":[{"embeddable":true,"href":"https:\/\/areastecnologia.com.br\/wp\/wp-json\/wp\/v2\/media\/972"}],"wp:attachment":[{"href":"https:\/\/areastecnologia.com.br\/wp\/wp-json\/wp\/v2\/media?parent=971"}],"wp:term":[{"taxonomy":"product_brand","embeddable":true,"href":"https:\/\/areastecnologia.com.br\/wp\/wp-json\/wp\/v2\/product_brand?post=971"},{"taxonomy":"product_cat","embeddable":true,"href":"https:\/\/areastecnologia.com.br\/wp\/wp-json\/wp\/v2\/product_cat?post=971"},{"taxonomy":"product_tag","embeddable":true,"href":"https:\/\/areastecnologia.com.br\/wp\/wp-json\/wp\/v2\/product_tag?post=971"}],"curies":[{"name":"wp","href":"https:\/\/api.w.org\/{rel}","templated":true}]}}