{"id":852,"date":"2024-09-18T12:01:18","date_gmt":"2024-09-18T12:01:18","guid":{"rendered":"https:\/\/areastecnologia.com.br\/wp\/?post_type=product&#038;p=852"},"modified":"2024-09-18T12:01:20","modified_gmt":"2024-09-18T12:01:20","slug":"raro-disquinho-fofao-mundo-novo-promocional-knorr-rge-1985","status":"publish","type":"product","link":"https:\/\/areastecnologia.com.br\/wp\/produto\/raro-disquinho-fofao-mundo-novo-promocional-knorr-rge-1985\/","title":{"rendered":"Raro Disquinho Fof\u00e3o Mundo Novo Promocional Knorr Rge 1985"},"content":{"rendered":"<p>TODOS OS NOSSOS PRODUTOS S\u00c3O USADOS E POR ISSO, MESMO QUE ESTEJAM EM BOAS CONDI\u00c7\u00d5ES, PODER\u00c3O APRESENTAR MARCAS DE TEMPO E USO, PODEM ESTAR SUJOS E AT\u00c9 MESMO TEREM DEFEITOS QUE N\u00c3O APARE\u00c7AM NAS FOTOS. PRODUTOS QUE EST\u00c3O SENDO VENDIDOS NO ESTADO PODER\u00c3O APRESENTAR QUALQUER TIPO DE FALHAS, PE\u00c7AS DEFEITUOSAS OU FALTANDO. PARA SABER O REAL ESTADO DO PRODUTO QUE DESEJA COMPRAR, LEIA TODA A DESCRI\u00c7\u00c3O E FA\u00c7A PERGUNTAS ANTES DA COMPRA!!!<\/p>\n<p>CALCULADORA DE FRETES NA PROPAGANDA, FAVOR CONSULTAR!!!<\/p>\n<p>A T E N \u00c7 \u00c3 O &#8212;&gt; Nossos discos s\u00e3o usados, antigos, n\u00e3o foram testados e podem apresentar falhas e defeitos, podem n\u00e3o estar tocando perfeitamente considere isso antes da compra. O produto est\u00e1 sendo vendido no estado. O produto \u00e9 usado, est\u00e1 como nas fotos e pode apresentar marcas de tempo e uso e imperfei\u00e7\u00f5es. Favor tirar todas as d\u00favidas e consultar o frete na propaganda antes da compra. Cod.PRT001.<\/p>\n","protected":false},"excerpt":{"rendered":"<p>TODOS OS NOSSOS PRODUTOS S\u00c3O USADOS E POR ISSO, MESMO QUE ESTEJAM EM BOAS CONDI\u00c7\u00d5ES, PODER\u00c3O APRESENTAR MARCAS DE TEMPO E USO, PODEM ESTAR SUJOS E AT\u00c9 MESMO TEREM DEFEITOS QUE N\u00c3O APARE\u00c7AM NAS FOTOS. PRODUTOS QUE EST\u00c3O SENDO VENDIDOS NO ESTADO PODER\u00c3O APRESENTAR QUALQUER TIPO DE FALHAS, PE\u00c7AS DEFEITUOSAS OU FALTANDO. PARA SABER O [&hellip;]<\/p>\n","protected":false},"featured_media":854,"comment_status":"open","ping_status":"closed","template":"","meta":[],"product_brand":[],"product_cat":[62],"product_tag":[],"class_list":{"0":"post-852","1":"product","2":"type-product","3":"status-publish","4":"has-post-thumbnail","6":"product_cat-fitas-cassetes-discos-de-vinil-cds-e-similares","8":"first","9":"instock","10":"taxable","11":"shipping-taxable","12":"purchasable","13":"product-type-simple"},"jetpack_sharing_enabled":true,"_links":{"self":[{"href":"https:\/\/areastecnologia.com.br\/wp\/wp-json\/wp\/v2\/product\/852","targetHints":{"allow":["GET"]}}],"collection":[{"href":"https:\/\/areastecnologia.com.br\/wp\/wp-json\/wp\/v2\/product"}],"about":[{"href":"https:\/\/areastecnologia.com.br\/wp\/wp-json\/wp\/v2\/types\/product"}],"replies":[{"embeddable":true,"href":"https:\/\/areastecnologia.com.br\/wp\/wp-json\/wp\/v2\/comments?post=852"}],"wp:featuredmedia":[{"embeddable":true,"href":"https:\/\/areastecnologia.com.br\/wp\/wp-json\/wp\/v2\/media\/854"}],"wp:attachment":[{"href":"https:\/\/areastecnologia.com.br\/wp\/wp-json\/wp\/v2\/media?parent=852"}],"wp:term":[{"taxonomy":"product_brand","embeddable":true,"href":"https:\/\/areastecnologia.com.br\/wp\/wp-json\/wp\/v2\/product_brand?post=852"},{"taxonomy":"product_cat","embeddable":true,"href":"https:\/\/areastecnologia.com.br\/wp\/wp-json\/wp\/v2\/product_cat?post=852"},{"taxonomy":"product_tag","embeddable":true,"href":"https:\/\/areastecnologia.com.br\/wp\/wp-json\/wp\/v2\/product_tag?post=852"}],"curies":[{"name":"wp","href":"https:\/\/api.w.org\/{rel}","templated":true}]}}