{"id":589,"date":"2023-02-03T22:08:58","date_gmt":"2023-02-03T22:08:58","guid":{"rendered":"https:\/\/areastecnologia.com.br\/wp\/?post_type=product&#038;p=589"},"modified":"2023-02-03T22:09:36","modified_gmt":"2023-02-03T22:09:36","slug":"rara-colecao-de-copos-dos-trapalhoes-da-pepsi-dos-anos-80","status":"publish","type":"product","link":"https:\/\/areastecnologia.com.br\/wp\/produto\/rara-colecao-de-copos-dos-trapalhoes-da-pepsi-dos-anos-80\/","title":{"rendered":"Rara Cole\u00e7\u00e3o de Copos dos Trapalh\u00f5es da Pepsi dos anos 80"},"content":{"rendered":"<p><img loading=\"lazy\" decoding=\"async\" class=\"alignnone size-medium\" src=\"https:\/\/galpaolivre.x10.mx\/wp\/wp-content\/uploads\/2021\/10\/vendido-300x129.png\" width=\"300\" height=\"129\" \/><\/p>\n","protected":false},"excerpt":{"rendered":"","protected":false},"featured_media":625,"comment_status":"open","ping_status":"closed","template":"","meta":[],"product_brand":[],"product_cat":[46],"product_tag":[],"class_list":{"0":"post-589","1":"product","2":"type-product","3":"status-publish","4":"has-post-thumbnail","6":"product_cat-colecoes-diversas","8":"first","9":"outofstock","10":"taxable","11":"shipping-taxable","12":"purchasable","13":"product-type-simple"},"jetpack_sharing_enabled":true,"_links":{"self":[{"href":"https:\/\/areastecnologia.com.br\/wp\/wp-json\/wp\/v2\/product\/589","targetHints":{"allow":["GET"]}}],"collection":[{"href":"https:\/\/areastecnologia.com.br\/wp\/wp-json\/wp\/v2\/product"}],"about":[{"href":"https:\/\/areastecnologia.com.br\/wp\/wp-json\/wp\/v2\/types\/product"}],"replies":[{"embeddable":true,"href":"https:\/\/areastecnologia.com.br\/wp\/wp-json\/wp\/v2\/comments?post=589"}],"wp:featuredmedia":[{"embeddable":true,"href":"https:\/\/areastecnologia.com.br\/wp\/wp-json\/wp\/v2\/media\/625"}],"wp:attachment":[{"href":"https:\/\/areastecnologia.com.br\/wp\/wp-json\/wp\/v2\/media?parent=589"}],"wp:term":[{"taxonomy":"product_brand","embeddable":true,"href":"https:\/\/areastecnologia.com.br\/wp\/wp-json\/wp\/v2\/product_brand?post=589"},{"taxonomy":"product_cat","embeddable":true,"href":"https:\/\/areastecnologia.com.br\/wp\/wp-json\/wp\/v2\/product_cat?post=589"},{"taxonomy":"product_tag","embeddable":true,"href":"https:\/\/areastecnologia.com.br\/wp\/wp-json\/wp\/v2\/product_tag?post=589"}],"curies":[{"name":"wp","href":"https:\/\/api.w.org\/{rel}","templated":true}]}}