{"id":1164,"date":"2024-09-20T11:31:10","date_gmt":"2024-09-20T11:31:10","guid":{"rendered":"https:\/\/areastecnologia.com.br\/wp\/?page_id=1164"},"modified":"2024-09-27T01:45:05","modified_gmt":"2024-09-27T01:45:05","slug":"sobre-o-galpao","status":"publish","type":"page","link":"https:\/\/areastecnologia.com.br\/wp\/sobre-o-galpao\/","title":{"rendered":"Sobre o Galp\u00e3o"},"content":{"rendered":"\n<p class=\"has-black-color has-text-color has-link-color wp-elements-6f0eebcb70b2d1defd123d6880e60c25\">O &#8220;Galp\u00e3o Livre&#8221; nasceu de uma paix\u00e3o por brinquedos antigos e de uma necessidade que acabou se transformando em oportunidade. Tudo come\u00e7ou em 2004, quando comecei a frequentar feiras de produtos usados e antigos, com destaque para a famosa feira da Pra\u00e7a XV, no Rio de Janeiro. Naquela \u00e9poca, eu estava precisando levantar um dinheiro extra e decidi vender os brinquedos da minha inf\u00e2ncia nesses eventos.<\/p>\n\n\n\n<p class=\"has-black-color has-text-color has-link-color wp-elements-2f5057e891ed7444557fa8c0cb3d60e7\">Como o estoque pessoal acabou r\u00e1pido, passei a explorar outras feiras e bazares, comprando brinquedos antigos para revender na Pra\u00e7a XV. Isso me permitiu continuar vendendo por mais algum tempo. Foi em 2006 que tive um grande estalo: percebi que muitas das pessoas que compravam comigo na feira estavam revendendo os produtos na internet. Ent\u00e3o, pensei: &#8220;Por que n\u00e3o cortar o intermedi\u00e1rio e eu mesmo vender diretamente na internet?&#8221;<\/p>\n\n\n\n<p class=\"has-black-color has-text-color has-link-color wp-elements-c057875611b03a89c970719a683b988d\">Em junho de 2006, decidi cadastrar os brinquedos que j\u00e1 tinha e coloquei tudo em um site de vendas online. Rapidamente, percebi que as vendas pela internet eram ainda melhores que nas feiras. Com o tempo, expandi para redes sociais e, aos poucos, meu neg\u00f3cio come\u00e7ou a crescer.<\/p>\n\n\n\n<p class=\"has-black-color has-text-color has-link-color wp-elements-5503bca2fd31e81e5cc60ff06f18c9c1\">O espa\u00e7o dentro de casa ficou pequeno para armazenar tantos brinquedos, ent\u00e3o decidimos construir um pequeno galp\u00e3o no fundo do quintal. L\u00e1, organizei tudo com prateleiras e acomodei meu invent\u00e1rio de forma mais pr\u00e1tica. Esse galp\u00e3o acabou se tornando um s\u00edmbolo do neg\u00f3cio, um lugar que representa muito mais do que simples armazenamento: \u00e9 o espa\u00e7o onde todos os tipos de brinquedos ganham vida e est\u00e3o &#8220;livres&#8221; para serem redescobertos por colecionadores de todas as idades.<\/p>\n\n\n\n<p class=\"has-black-color has-text-color has-link-color wp-elements-2f4a1649bd29769441247f58048999ea\">Em fevereiro de 2023, dei mais um passo importante ao lan\u00e7ar meu pr\u00f3prio site: o &#8220;Galp\u00e3o Livre&#8221; (<a>www.galp\u00e3olivre.com.br<\/a>). O nome \u00e9 uma homenagem ao galp\u00e3o que constru\u00edmos e \u00e0 ideia de que os brinquedos s\u00e3o algo livre, sem idade ou restri\u00e7\u00e3o \u2013 uma alegria para todos.<\/p>\n\n\n<div class=\"wp-block-image\">\n<figure class=\"aligncenter size-large\"><img loading=\"lazy\" decoding=\"async\" width=\"1024\" height=\"585\" src=\"https:\/\/areastecnologia.com.br\/wp\/wp-content\/uploads\/2024\/09\/DALL\u00b7E-2024-09-21-07.41.02-A-panoramic-view-of-the-interior-of-a-warehouse-filled-with-vintage-toys.-The-scene-should-capture-shelves-and-tables-packed-with-old-toys-like-retro--1024x585.webp\" alt=\"\" class=\"wp-image-1308\" srcset=\"https:\/\/areastecnologia.com.br\/wp\/wp-content\/uploads\/2024\/09\/DALL\u00b7E-2024-09-21-07.41.02-A-panoramic-view-of-the-interior-of-a-warehouse-filled-with-vintage-toys.-The-scene-should-capture-shelves-and-tables-packed-with-old-toys-like-retro--1024x585.webp 1024w, https:\/\/areastecnologia.com.br\/wp\/wp-content\/uploads\/2024\/09\/DALL\u00b7E-2024-09-21-07.41.02-A-panoramic-view-of-the-interior-of-a-warehouse-filled-with-vintage-toys.-The-scene-should-capture-shelves-and-tables-packed-with-old-toys-like-retro--300x171.webp 300w, https:\/\/areastecnologia.com.br\/wp\/wp-content\/uploads\/2024\/09\/DALL\u00b7E-2024-09-21-07.41.02-A-panoramic-view-of-the-interior-of-a-warehouse-filled-with-vintage-toys.-The-scene-should-capture-shelves-and-tables-packed-with-old-toys-like-retro--768x439.webp 768w, https:\/\/areastecnologia.com.br\/wp\/wp-content\/uploads\/2024\/09\/DALL\u00b7E-2024-09-21-07.41.02-A-panoramic-view-of-the-interior-of-a-warehouse-filled-with-vintage-toys.-The-scene-should-capture-shelves-and-tables-packed-with-old-toys-like-retro--1536x878.webp 1536w, https:\/\/areastecnologia.com.br\/wp\/wp-content\/uploads\/2024\/09\/DALL\u00b7E-2024-09-21-07.41.02-A-panoramic-view-of-the-interior-of-a-warehouse-filled-with-vintage-toys.-The-scene-should-capture-shelves-and-tables-packed-with-old-toys-like-retro--1320x754.webp 1320w, https:\/\/areastecnologia.com.br\/wp\/wp-content\/uploads\/2024\/09\/DALL\u00b7E-2024-09-21-07.41.02-A-panoramic-view-of-the-interior-of-a-warehouse-filled-with-vintage-toys.-The-scene-should-capture-shelves-and-tables-packed-with-old-toys-like-retro--530x303.webp 530w, https:\/\/areastecnologia.com.br\/wp\/wp-content\/uploads\/2024\/09\/DALL\u00b7E-2024-09-21-07.41.02-A-panoramic-view-of-the-interior-of-a-warehouse-filled-with-vintage-toys.-The-scene-should-capture-shelves-and-tables-packed-with-old-toys-like-retro-.webp 1792w\" sizes=\"auto, (max-width: 1024px) 100vw, 1024px\" \/><\/figure>\n<\/div>","protected":false},"excerpt":{"rendered":"<p>O &#8220;Galp\u00e3o Livre&#8221; nasceu de uma paix\u00e3o por brinquedos antigos e de uma necessidade que acabou se transformando em oportunidade. Tudo come\u00e7ou em 2004, quando comecei a frequentar feiras de produtos usados e antigos, com destaque para a famosa feira da Pra\u00e7a XV, no Rio de Janeiro. Naquela \u00e9poca, eu estava precisando levantar um dinheiro [&hellip;]<\/p>\n","protected":false},"author":1,"featured_media":0,"parent":0,"menu_order":2,"comment_status":"closed","ping_status":"closed","template":"","meta":{"footnotes":""},"class_list":["post-1164","page","type-page","status-publish","hentry"],"jetpack_sharing_enabled":true,"_links":{"self":[{"href":"https:\/\/areastecnologia.com.br\/wp\/wp-json\/wp\/v2\/pages\/1164","targetHints":{"allow":["GET"]}}],"collection":[{"href":"https:\/\/areastecnologia.com.br\/wp\/wp-json\/wp\/v2\/pages"}],"about":[{"href":"https:\/\/areastecnologia.com.br\/wp\/wp-json\/wp\/v2\/types\/page"}],"author":[{"embeddable":true,"href":"https:\/\/areastecnologia.com.br\/wp\/wp-json\/wp\/v2\/users\/1"}],"replies":[{"embeddable":true,"href":"https:\/\/areastecnologia.com.br\/wp\/wp-json\/wp\/v2\/comments?post=1164"}],"version-history":[{"count":6,"href":"https:\/\/areastecnologia.com.br\/wp\/wp-json\/wp\/v2\/pages\/1164\/revisions"}],"predecessor-version":[{"id":1309,"href":"https:\/\/areastecnologia.com.br\/wp\/wp-json\/wp\/v2\/pages\/1164\/revisions\/1309"}],"wp:attachment":[{"href":"https:\/\/areastecnologia.com.br\/wp\/wp-json\/wp\/v2\/media?parent=1164"}],"curies":[{"name":"wp","href":"https:\/\/api.w.org\/{rel}","templated":true}]}}