{"id":39,"date":"2023-02-06T18:31:08","date_gmt":"2023-02-06T18:31:08","guid":{"rendered":"https:\/\/areastecnologia.com.br\/kidsex\/?page_id=39"},"modified":"2023-02-06T18:31:09","modified_gmt":"2023-02-06T18:31:09","slug":"on-line","status":"publish","type":"page","link":"https:\/\/areastecnologia.com.br\/kidsex\/on-line\/","title":{"rendered":"On line"},"content":{"rendered":"<div class=\"widget_bp_core_whos_online_widget buddypress widget wp-block-bp-online-members\"><h2 class=\"widget-title\">Quem est\u00e1 online<\/h2><div class=\"widget-error\">\n\t\t\t\tN\u00e3o h\u00e1 usu\u00e1rios online neste momento\n\t\t\t<\/div><\/div>","protected":false},"excerpt":{"rendered":"","protected":false},"author":1,"featured_media":0,"parent":0,"menu_order":0,"comment_status":"closed","ping_status":"closed","template":"","meta":{"footnotes":""},"class_list":["post-39","page","type-page","status-publish","hentry"],"_links":{"self":[{"href":"https:\/\/areastecnologia.com.br\/kidsex\/wp-json\/wp\/v2\/pages\/39","targetHints":{"allow":["GET"]}}],"collection":[{"href":"https:\/\/areastecnologia.com.br\/kidsex\/wp-json\/wp\/v2\/pages"}],"about":[{"href":"https:\/\/areastecnologia.com.br\/kidsex\/wp-json\/wp\/v2\/types\/page"}],"author":[{"embeddable":true,"href":"https:\/\/areastecnologia.com.br\/kidsex\/wp-json\/wp\/v2\/users\/1"}],"replies":[{"embeddable":true,"href":"https:\/\/areastecnologia.com.br\/kidsex\/wp-json\/wp\/v2\/comments?post=39"}],"version-history":[{"count":1,"href":"https:\/\/areastecnologia.com.br\/kidsex\/wp-json\/wp\/v2\/pages\/39\/revisions"}],"predecessor-version":[{"id":40,"href":"https:\/\/areastecnologia.com.br\/kidsex\/wp-json\/wp\/v2\/pages\/39\/revisions\/40"}],"wp:attachment":[{"href":"https:\/\/areastecnologia.com.br\/kidsex\/wp-json\/wp\/v2\/media?parent=39"}],"curies":[{"name":"wp","href":"https:\/\/api.w.org\/{rel}","templated":true}]}}