{"id":693,"date":"2024-09-11T17:48:37","date_gmt":"2024-09-11T17:48:37","guid":{"rendered":"https:\/\/areastecnologia.com.br\/baulivre\/?post_type=product&#038;p=693"},"modified":"2024-09-16T20:45:44","modified_gmt":"2024-09-16T20:45:44","slug":"rarissimo-videogame-tv-bol-dos-anos-70-eletronic-do-brasil-usado","status":"publish","type":"product","link":"https:\/\/areastecnologia.com.br\/baulivre\/produto\/rarissimo-videogame-tv-bol-dos-anos-70-eletronic-do-brasil-usado\/","title":{"rendered":"Rar\u00edssimo Videogame Tv Bol Dos Anos 70 Eletronic Do Brasil (Usado)"},"content":{"rendered":"<p>A T E N \u00c7 \u00c3 O &#8212;&gt; ITEM EXTREMAMENTE RARO!!!<\/p>\n<p>N\u00c3O EST\u00c1 TESTADO, PODER\u00c1 OU N\u00c3O FUNCIONAR E ISSO DEVE SER LEVADO EM CONSIDERA\u00c7\u00c3O ANTES DE COMPRAR!<\/p>\n<p>Este pode ter sido um videogame vendido no Brasil, pela Eletronic do Brasil, nos anos 70 ANTES do telejogo, isso mesmo, existe uma teoria (a se confirmar) que este videogame foi vendido aqui no Brasil em grandes lojas em torno de alguns meses at\u00e9 um ano antes do Telejogo ter sido vendido por aqui, logo se a teoria se confirmar este pode de fato ter sido o primeiro videogame vendido no Brasil. De qualquer modo um item que com certeza falta na sua cole\u00e7\u00e3o pois a mesma n\u00e3o estar\u00e1 completa sem ele. Ele foi oficialmente produzido e vendido em lojas no Brasil mais precisamente no Rio de Janeiro e tinha uma linha muito parecida com a do Telejogo. N\u00e3o perca esta oportunidade \u00daNICA. Adquiri este item h\u00e1 mais de 10 anos e n\u00e3o pretendia me desfazer pois algo assim s\u00f3 valoriza com o tempo. N\u00e3o tenho como testar, considere a possibilidade de n\u00e3o funcionar, precisar de reparos ou at\u00e9 mesmo n\u00e3o ter como reparar, mas vale muito pela raridade. Tenho certeza de que muitos que est\u00e3o lendo este an\u00fancio nunca tinham ouvido falar sobre este Game antigo e raro.<\/p>\n<p>O produto \u00e9 usado, est\u00e1 como nas fotos e pode apresentar marcas de tempo e uso e imperfei\u00e7\u00f5es. Favor tirar todas as d\u00favidas e consultar o frete na propaganda antes da compra. Cod.CX2021-A.<\/p>\n","protected":false},"excerpt":{"rendered":"<p>A T E N \u00c7 \u00c3 O &#8212;&gt; ITEM EXTREMAMENTE RARO!!! N\u00c3O EST\u00c1 TESTADO, PODER\u00c1 OU N\u00c3O FUNCIONAR E ISSO DEVE SER LEVADO EM CONSIDERA\u00c7\u00c3O [&hellip;]<\/p>\n","protected":false},"featured_media":694,"comment_status":"open","ping_status":"closed","template":"","meta":{"_eb_attr":""},"product_cat":[16],"product_tag":[32,33,34,35,36,37,38,39,40,41,42,43],"class_list":{"0":"post-693","1":"product","2":"type-product","3":"status-publish","4":"has-post-thumbnail","6":"product_cat-videogames-jogos-e-acessorios","7":"product_tag-32","8":"product_tag-33","9":"product_tag-anos","10":"product_tag-bol","11":"product_tag-brasil","12":"product_tag-eletronic","13":"product_tag-game","14":"product_tag-games","15":"product_tag-jogo","16":"product_tag-jogos","17":"product_tag-tv","18":"product_tag-video","20":"first","21":"outofstock","22":"shipping-taxable","23":"purchasable","24":"product-type-simple"},"jetpack_sharing_enabled":true,"_links":{"self":[{"href":"https:\/\/areastecnologia.com.br\/baulivre\/wp-json\/wp\/v2\/product\/693","targetHints":{"allow":["GET"]}}],"collection":[{"href":"https:\/\/areastecnologia.com.br\/baulivre\/wp-json\/wp\/v2\/product"}],"about":[{"href":"https:\/\/areastecnologia.com.br\/baulivre\/wp-json\/wp\/v2\/types\/product"}],"replies":[{"embeddable":true,"href":"https:\/\/areastecnologia.com.br\/baulivre\/wp-json\/wp\/v2\/comments?post=693"}],"wp:featuredmedia":[{"embeddable":true,"href":"https:\/\/areastecnologia.com.br\/baulivre\/wp-json\/wp\/v2\/media\/694"}],"wp:attachment":[{"href":"https:\/\/areastecnologia.com.br\/baulivre\/wp-json\/wp\/v2\/media?parent=693"}],"wp:term":[{"taxonomy":"product_cat","embeddable":true,"href":"https:\/\/areastecnologia.com.br\/baulivre\/wp-json\/wp\/v2\/product_cat?post=693"},{"taxonomy":"product_tag","embeddable":true,"href":"https:\/\/areastecnologia.com.br\/baulivre\/wp-json\/wp\/v2\/product_tag?post=693"}],"curies":[{"name":"wp","href":"https:\/\/api.w.org\/{rel}","templated":true}]}}