{"id":8,"date":"2024-09-14T15:34:12","date_gmt":"2024-09-14T15:34:12","guid":{"rendered":"https:\/\/areastecnologia.com.br\/baulivre\/carrinho\/"},"modified":"2024-09-14T15:42:58","modified_gmt":"2024-09-14T15:42:58","slug":"carrinho","status":"publish","type":"page","link":"https:\/\/areastecnologia.com.br\/baulivre\/carrinho\/","title":{"rendered":"Carrinho"},"content":{"rendered":"<div data-block-name=\"woocommerce\/cart\" class=\"wp-block-woocommerce-cart alignwide is-loading\"><div data-block-name=\"woocommerce\/filled-cart-block\" class=\"wp-block-woocommerce-filled-cart-block\"><div data-block-name=\"woocommerce\/cart-items-block\" class=\"wp-block-woocommerce-cart-items-block\"><div data-block-name=\"woocommerce\/cart-line-items-block\" class=\"wp-block-woocommerce-cart-line-items-block\"><\/div>\n\n<div data-block-name=\"woocommerce\/cart-cross-sells-block\" class=\"wp-block-woocommerce-cart-cross-sells-block\"><h2 class=\"wp-block-heading has-large-font-size\">You may be interested in\u2026<\/h2>\n\n<div data-block-name=\"woocommerce\/cart-cross-sells-products-block\" class=\"wp-block-woocommerce-cart-cross-sells-products-block\"><\/div><\/div><\/div>\n\n<div data-block-name=\"woocommerce\/cart-totals-block\" class=\"wp-block-woocommerce-cart-totals-block\"><div data-block-name=\"woocommerce\/cart-order-summary-block\" class=\"wp-block-woocommerce-cart-order-summary-block\"><div data-block-name=\"woocommerce\/cart-order-summary-heading-block\" class=\"wp-block-woocommerce-cart-order-summary-heading-block\"><\/div><div data-block-name=\"woocommerce\/cart-order-summary-coupon-form-block\" class=\"wp-block-woocommerce-cart-order-summary-coupon-form-block\"><\/div><div data-block-name=\"woocommerce\/cart-order-summary-totals-block\" class=\"wp-block-woocommerce-cart-order-summary-totals-block\">\n<div data-block-name=\"woocommerce\/cart-order-summary-subtotal-block\" class=\"wp-block-woocommerce-cart-order-summary-subtotal-block\"><\/div>\n<div data-block-name=\"woocommerce\/cart-order-summary-discount-block\" class=\"wp-block-woocommerce-cart-order-summary-discount-block\"><\/div>\n<div data-block-name=\"woocommerce\/cart-order-summary-fee-block\" class=\"wp-block-woocommerce-cart-order-summary-fee-block\"><\/div>\n<div data-block-name=\"woocommerce\/cart-order-summary-shipping-block\" class=\"wp-block-woocommerce-cart-order-summary-shipping-block\"><\/div>\n<div data-block-name=\"woocommerce\/cart-order-summary-taxes-block\" class=\"wp-block-woocommerce-cart-order-summary-taxes-block\"><\/div><\/div><\/div>\n\n<div data-block-name=\"woocommerce\/cart-express-payment-block\" class=\"wp-block-woocommerce-cart-express-payment-block\"><\/div>\n\n<div data-block-name=\"woocommerce\/proceed-to-checkout-block\" class=\"wp-block-woocommerce-proceed-to-checkout-block\"><\/div>\n\n<div data-block-name=\"woocommerce\/cart-accepted-payment-methods-block\" class=\"wp-block-woocommerce-cart-accepted-payment-methods-block\"><\/div><\/div><\/div>\n\n<div data-block-name=\"woocommerce\/empty-cart-block\" class=\"wp-block-woocommerce-empty-cart-block\"><h2 class=\"wp-block-heading has-text-align-center with-empty-cart-icon wc-block-cart__empty-cart__title\">Seu carrinho est\u00e1 vazio no momento!<\/h2>\n\n<hr class=\"wp-block-separator has-alpha-channel-opacity is-style-dots\"\/>\n\n<h2 class=\"wp-block-heading has-text-align-center\">Novo na loja<\/h2>\n\n<div data-block-name=\"woocommerce\/product-new\" data-columns=\"4\" data-rows=\"1\" class=\"wc-block-grid wp-block-product-new wc-block-product-new has-4-columns\"><ul class=\"wc-block-grid__products\"><li class=\"wc-block-grid__product\">\n\t\t\t\t<a href=\"https:\/\/areastecnologia.com.br\/baulivre\/produto\/rarissimo-videogame-tv-bol-dos-anos-70-eletronic-do-brasil-usado\/\" class=\"wc-block-grid__product-link\">\n\t\t\t\t\t\n\t\t\t\t\t<div class=\"wc-block-grid__product-image\"><img loading=\"lazy\" decoding=\"async\" width=\"300\" height=\"300\" src=\"https:\/\/areastecnologia.com.br\/baulivre\/wp-content\/uploads\/2024\/09\/20210611_120949-scaled-1-300x300.jpg\" class=\"attachment-woocommerce_thumbnail size-woocommerce_thumbnail\" alt=\"Rar\u00edssimo Videogame Tv Bol Dos Anos 70 Eletronic Do Brasil (Usado)\" srcset=\"https:\/\/areastecnologia.com.br\/baulivre\/wp-content\/uploads\/2024\/09\/20210611_120949-scaled-1-300x300.jpg 300w, https:\/\/areastecnologia.com.br\/baulivre\/wp-content\/uploads\/2024\/09\/20210611_120949-scaled-1-100x100.jpg 100w\" sizes=\"auto, (max-width: 300px) 100vw, 300px\" \/><\/div>\n\t\t\t\t\t<div class=\"wc-block-grid__product-title\">Rar\u00edssimo Videogame Tv Bol Dos Anos 70 Eletronic Do Brasil (Usado)<\/div>\n\t\t\t\t<\/a>\n\t\t\t\t<div class=\"wc-block-grid__product-price price\"><span class=\"woocommerce-Price-amount amount\"><span class=\"woocommerce-Price-currencySymbol\">&#082;&#036;<\/span>&nbsp;6.500,00<\/span><\/div>\n\t\t\t\t\n\t\t\t\t<div class=\"wp-block-button wc-block-grid__product-add-to-cart\"><a href=\"https:\/\/areastecnologia.com.br\/baulivre\/produto\/rarissimo-videogame-tv-bol-dos-anos-70-eletronic-do-brasil-usado\/\" aria-label=\"Read more about &ldquo;Rar\u00edssimo Videogame Tv Bol Dos Anos 70 Eletronic Do Brasil (Usado)&rdquo;\" data-quantity=\"1\" data-product_id=\"693\" data-product_sku=\"\" data-price=\"6500\" rel=\"nofollow\" class=\"wp-block-button__link  add_to_cart_button\">Read more<\/a><\/div>\n\t\t\t<\/li><li class=\"wc-block-grid__product\">\n\t\t\t\t<a href=\"https:\/\/areastecnologia.com.br\/baulivre\/produto\/moto-missil-comandos-em-acao-da-estrela-anos-80-na-caixa-original\/\" class=\"wc-block-grid__product-link\">\n\t\t\t\t\t\n\t\t\t\t\t<div class=\"wc-block-grid__product-image\"><img loading=\"lazy\" decoding=\"async\" width=\"300\" height=\"300\" src=\"https:\/\/areastecnologia.com.br\/baulivre\/wp-content\/uploads\/2024\/09\/1239048_429102563864889_7484157_n-300x300.jpg\" class=\"attachment-woocommerce_thumbnail size-woocommerce_thumbnail\" alt=\"Moto M\u00edssil Comandos em A\u00e7\u00e3o da Estrela anos 80 na caixa original\" srcset=\"https:\/\/areastecnologia.com.br\/baulivre\/wp-content\/uploads\/2024\/09\/1239048_429102563864889_7484157_n-300x300.jpg 300w, https:\/\/areastecnologia.com.br\/baulivre\/wp-content\/uploads\/2024\/09\/1239048_429102563864889_7484157_n-100x100.jpg 100w\" sizes=\"auto, (max-width: 300px) 100vw, 300px\" \/><\/div>\n\t\t\t\t\t<div class=\"wc-block-grid__product-title\">Moto M\u00edssil Comandos em A\u00e7\u00e3o da Estrela anos 80 na caixa original<\/div>\n\t\t\t\t<\/a>\n\t\t\t\t<div class=\"wc-block-grid__product-price price\"><span class=\"woocommerce-Price-amount amount\"><span class=\"woocommerce-Price-currencySymbol\">&#082;&#036;<\/span>&nbsp;180,00<\/span><\/div>\n\t\t\t\t\n\t\t\t\t<div class=\"wp-block-button wc-block-grid__product-add-to-cart\"><a href=\"https:\/\/areastecnologia.com.br\/baulivre\/produto\/moto-missil-comandos-em-acao-da-estrela-anos-80-na-caixa-original\/\" aria-label=\"Read more about &ldquo;Moto M\u00edssil Comandos em A\u00e7\u00e3o da Estrela anos 80 na caixa original&rdquo;\" data-quantity=\"1\" data-product_id=\"618\" data-product_sku=\"\" data-price=\"180\" rel=\"nofollow\" class=\"wp-block-button__link  add_to_cart_button\">Read more<\/a><\/div>\n\t\t\t<\/li><li class=\"wc-block-grid__product\">\n\t\t\t\t<a href=\"https:\/\/areastecnologia.com.br\/baulivre\/produto\/antiga-nave-verde-e-cinza-comandos-em-acao-estrela-anos-80\/\" class=\"wc-block-grid__product-link\">\n\t\t\t\t\t\n\t\t\t\t\t<div class=\"wc-block-grid__product-image\"><img loading=\"lazy\" decoding=\"async\" width=\"300\" height=\"300\" src=\"https:\/\/areastecnologia.com.br\/baulivre\/wp-content\/uploads\/2024\/09\/1208891_429102413864904_1346376646_n-300x300.jpg\" class=\"attachment-woocommerce_thumbnail size-woocommerce_thumbnail\" alt=\"Antiga Nave Verde e cinza Comandos em A\u00e7\u00e3o Estrela anos 80\" srcset=\"https:\/\/areastecnologia.com.br\/baulivre\/wp-content\/uploads\/2024\/09\/1208891_429102413864904_1346376646_n-300x300.jpg 300w, https:\/\/areastecnologia.com.br\/baulivre\/wp-content\/uploads\/2024\/09\/1208891_429102413864904_1346376646_n-100x100.jpg 100w\" sizes=\"auto, (max-width: 300px) 100vw, 300px\" \/><\/div>\n\t\t\t\t\t<div class=\"wc-block-grid__product-title\">Antiga Nave Verde e cinza Comandos em A\u00e7\u00e3o Estrela anos 80<\/div>\n\t\t\t\t<\/a>\n\t\t\t\t<div class=\"wc-block-grid__product-price price\"><span class=\"woocommerce-Price-amount amount\"><span class=\"woocommerce-Price-currencySymbol\">&#082;&#036;<\/span>&nbsp;80,00<\/span><\/div>\n\t\t\t\t\n\t\t\t\t<div class=\"wp-block-button wc-block-grid__product-add-to-cart\"><a href=\"https:\/\/areastecnologia.com.br\/baulivre\/produto\/antiga-nave-verde-e-cinza-comandos-em-acao-estrela-anos-80\/\" aria-label=\"Read more about &ldquo;Antiga Nave Verde e cinza Comandos em A\u00e7\u00e3o Estrela anos 80&rdquo;\" data-quantity=\"1\" data-product_id=\"616\" data-product_sku=\"\" data-price=\"80\" rel=\"nofollow\" class=\"wp-block-button__link  add_to_cart_button\">Read more<\/a><\/div>\n\t\t\t<\/li><li class=\"wc-block-grid__product\">\n\t\t\t\t<a href=\"https:\/\/areastecnologia.com.br\/baulivre\/produto\/carrinho-antigo-spectro-da-mimo-dos-anos-80-na-caixa-original\/\" class=\"wc-block-grid__product-link\">\n\t\t\t\t\t\n\t\t\t\t\t<div class=\"wc-block-grid__product-image\"><img loading=\"lazy\" decoding=\"async\" width=\"300\" height=\"300\" src=\"https:\/\/areastecnologia.com.br\/baulivre\/wp-content\/uploads\/2024\/09\/14459_429101160531696_162302936_n-300x300.jpg\" class=\"attachment-woocommerce_thumbnail size-woocommerce_thumbnail\" alt=\"Carrinho Antigo Spectro da Mimo dos anos 80 na caixa original\" srcset=\"https:\/\/areastecnologia.com.br\/baulivre\/wp-content\/uploads\/2024\/09\/14459_429101160531696_162302936_n-300x300.jpg 300w, https:\/\/areastecnologia.com.br\/baulivre\/wp-content\/uploads\/2024\/09\/14459_429101160531696_162302936_n-100x100.jpg 100w\" sizes=\"auto, (max-width: 300px) 100vw, 300px\" \/><\/div>\n\t\t\t\t\t<div class=\"wc-block-grid__product-title\">Carrinho Antigo Spectro da Mimo dos anos 80 na caixa original<\/div>\n\t\t\t\t<\/a>\n\t\t\t\t<div class=\"wc-block-grid__product-price price\"><span class=\"woocommerce-Price-amount amount\"><span class=\"woocommerce-Price-currencySymbol\">&#082;&#036;<\/span>&nbsp;120,00<\/span><\/div>\n\t\t\t\t\n\t\t\t\t<div class=\"wp-block-button wc-block-grid__product-add-to-cart\"><a href=\"https:\/\/areastecnologia.com.br\/baulivre\/produto\/carrinho-antigo-spectro-da-mimo-dos-anos-80-na-caixa-original\/\" aria-label=\"Read more about &ldquo;Carrinho Antigo Spectro da Mimo dos anos 80 na caixa original&rdquo;\" data-quantity=\"1\" data-product_id=\"602\" data-product_sku=\"\" data-price=\"120\" rel=\"nofollow\" class=\"wp-block-button__link  add_to_cart_button\">Read more<\/a><\/div>\n\t\t\t<\/li><\/ul><\/div><\/div><\/div>","protected":false},"excerpt":{"rendered":"","protected":false},"author":1,"featured_media":0,"parent":0,"menu_order":0,"comment_status":"closed","ping_status":"closed","template":"","meta":{"_eb_attr":"","footnotes":""},"class_list":["post-8","page","type-page","status-publish","hentry"],"jetpack_sharing_enabled":true,"_links":{"self":[{"href":"https:\/\/areastecnologia.com.br\/baulivre\/wp-json\/wp\/v2\/pages\/8","targetHints":{"allow":["GET"]}}],"collection":[{"href":"https:\/\/areastecnologia.com.br\/baulivre\/wp-json\/wp\/v2\/pages"}],"about":[{"href":"https:\/\/areastecnologia.com.br\/baulivre\/wp-json\/wp\/v2\/types\/page"}],"author":[{"embeddable":true,"href":"https:\/\/areastecnologia.com.br\/baulivre\/wp-json\/wp\/v2\/users\/1"}],"replies":[{"embeddable":true,"href":"https:\/\/areastecnologia.com.br\/baulivre\/wp-json\/wp\/v2\/comments?post=8"}],"version-history":[{"count":1,"href":"https:\/\/areastecnologia.com.br\/baulivre\/wp-json\/wp\/v2\/pages\/8\/revisions"}],"predecessor-version":[{"id":58,"href":"https:\/\/areastecnologia.com.br\/baulivre\/wp-json\/wp\/v2\/pages\/8\/revisions\/58"}],"wp:attachment":[{"href":"https:\/\/areastecnologia.com.br\/baulivre\/wp-json\/wp\/v2\/media?parent=8"}],"curies":[{"name":"wp","href":"https:\/\/api.w.org\/{rel}","templated":true}]}}